{"id":6344,"date":"2024-08-19T16:47:04","date_gmt":"2024-08-19T20:47:04","guid":{"rendered":"http:\/\/www.comact.com\/?post_type=product&#038;p=6344"},"modified":"2025-10-16T16:29:49","modified_gmt":"2025-10-16T20:29:49","slug":"smart-tool-pour-le-systeme-en-boucle-fermee-au-debitage-primaire","status":"publish","type":"product","link":"https:\/\/www.comact.com\/fr\/produits\/smart-tool-pour-le-systeme-en-boucle-fermee-au-debitage-primaire\/","title":{"rendered":"Smart Tool pour le syst\u00e8me en boucle ferm\u00e9e au d\u00e9bitage primaire"},"content":{"rendered":"","protected":false},"featured_media":6342,"template":"","process":[52,69],"species":[49,50],"digital_technologie":[75,71,44,45,74,47],"cutting_tool":[],"class_list":["post-6344","product","type-product","status-publish","has-post-thumbnail","hentry","process-debitage-primaire-des-billes","process-scanneurs-et-systemes-doptimisation","species-bois-dur","species-bois-mou","digital_technologie-centre-dapprentissage","digital_technologie-everblue","digital_technologie-intelligence-artificielle","digital_technologie-oper8-fr","digital_technologie-service-apres-vente","digital_technologie-smart-vision-fr"],"acf":[],"aioseo_notices":[],"_links":{"self":[{"href":"https:\/\/www.comact.com\/fr\/wp-json\/wp\/v2\/product\/6344","targetHints":{"allow":["GET"]}}],"collection":[{"href":"https:\/\/www.comact.com\/fr\/wp-json\/wp\/v2\/product"}],"about":[{"href":"https:\/\/www.comact.com\/fr\/wp-json\/wp\/v2\/types\/product"}],"wp:featuredmedia":[{"embeddable":true,"href":"https:\/\/www.comact.com\/fr\/wp-json\/wp\/v2\/media\/6342"}],"wp:attachment":[{"href":"https:\/\/www.comact.com\/fr\/wp-json\/wp\/v2\/media?parent=6344"}],"wp:term":[{"taxonomy":"process","embeddable":true,"href":"https:\/\/www.comact.com\/fr\/wp-json\/wp\/v2\/process?post=6344"},{"taxonomy":"species","embeddable":true,"href":"https:\/\/www.comact.com\/fr\/wp-json\/wp\/v2\/species?post=6344"},{"taxonomy":"digital_technologie","embeddable":true,"href":"https:\/\/www.comact.com\/fr\/wp-json\/wp\/v2\/digital_technologie?post=6344"},{"taxonomy":"cutting_tool","embeddable":true,"href":"https:\/\/www.comact.com\/fr\/wp-json\/wp\/v2\/cutting_tool?post=6344"}],"curies":[{"name":"wp","href":"https:\/\/api.w.org\/{rel}","templated":true}]}}