{"id":5093,"date":"2024-06-25T11:11:45","date_gmt":"2024-06-25T15:11:45","guid":{"rendered":"http:\/\/www.comact.com\/product\/tbl4-canter-double-profiler-curve-sawing-gang-edger\/"},"modified":"2025-10-23T14:49:31","modified_gmt":"2025-10-23T18:49:31","slug":"tbl4-equarrissage-double-profilage-et-debitage-a-sciage-courbe","status":"publish","type":"product","link":"https:\/\/www.comact.com\/fr\/produits\/tbl4-equarrissage-double-profilage-et-debitage-a-sciage-courbe\/","title":{"rendered":"TBL4 &#8211; \u00e9quarrissage, double profilage et d\u00e9bitage \u00e0 sciage courbe"},"content":{"rendered":"","protected":false},"featured_media":5429,"template":"","process":[53],"species":[49,50],"digital_technologie":[71,45,64,74,47],"cutting_tool":[59],"class_list":["post-5093","product","type-product","status-publish","has-post-thumbnail","hentry","process-debitage-secondaire-des-billes","species-bois-dur","species-bois-mou","digital_technologie-everblue","digital_technologie-oper8-fr","digital_technologie-scanneurs","digital_technologie-service-apres-vente","digital_technologie-smart-vision-fr","cutting_tool-smith-sawmill-service-fr"],"acf":[],"aioseo_notices":[],"_links":{"self":[{"href":"https:\/\/www.comact.com\/fr\/wp-json\/wp\/v2\/product\/5093","targetHints":{"allow":["GET"]}}],"collection":[{"href":"https:\/\/www.comact.com\/fr\/wp-json\/wp\/v2\/product"}],"about":[{"href":"https:\/\/www.comact.com\/fr\/wp-json\/wp\/v2\/types\/product"}],"wp:featuredmedia":[{"embeddable":true,"href":"https:\/\/www.comact.com\/fr\/wp-json\/wp\/v2\/media\/5429"}],"wp:attachment":[{"href":"https:\/\/www.comact.com\/fr\/wp-json\/wp\/v2\/media?parent=5093"}],"wp:term":[{"taxonomy":"process","embeddable":true,"href":"https:\/\/www.comact.com\/fr\/wp-json\/wp\/v2\/process?post=5093"},{"taxonomy":"species","embeddable":true,"href":"https:\/\/www.comact.com\/fr\/wp-json\/wp\/v2\/species?post=5093"},{"taxonomy":"digital_technologie","embeddable":true,"href":"https:\/\/www.comact.com\/fr\/wp-json\/wp\/v2\/digital_technologie?post=5093"},{"taxonomy":"cutting_tool","embeddable":true,"href":"https:\/\/www.comact.com\/fr\/wp-json\/wp\/v2\/cutting_tool?post=5093"}],"curies":[{"name":"wp","href":"https:\/\/api.w.org\/{rel}","templated":true}]}}