{"id":5070,"date":"2024-07-03T14:45:50","date_gmt":"2024-07-03T18:45:50","guid":{"rendered":"http:\/\/www.comact.com\/product\/stick-and-dunnage-collection-system\/"},"modified":"2025-10-16T16:11:27","modified_gmt":"2025-10-16T20:11:27","slug":"systeme-de-recuperation-de-lattes-et-tasseaux","status":"publish","type":"product","link":"https:\/\/www.comact.com\/fr\/produits\/systeme-de-recuperation-de-lattes-et-tasseaux\/","title":{"rendered":"Syst\u00e8me de r\u00e9cup\u00e9ration de lattes et tasseaux"},"content":{"rendered":"","protected":false},"featured_media":5918,"template":"","process":[57],"species":[49,50],"digital_technologie":[71,78,74],"cutting_tool":[],"class_list":["post-5070","product","type-product","status-publish","has-post-thumbnail","hentry","process-rabotage","species-bois-dur","species-bois-mou","digital_technologie-everblue","digital_technologie-lattes-pour-le-sechage-wondercoat","digital_technologie-service-apres-vente"],"acf":[],"aioseo_notices":[],"_links":{"self":[{"href":"https:\/\/www.comact.com\/fr\/wp-json\/wp\/v2\/product\/5070","targetHints":{"allow":["GET"]}}],"collection":[{"href":"https:\/\/www.comact.com\/fr\/wp-json\/wp\/v2\/product"}],"about":[{"href":"https:\/\/www.comact.com\/fr\/wp-json\/wp\/v2\/types\/product"}],"wp:featuredmedia":[{"embeddable":true,"href":"https:\/\/www.comact.com\/fr\/wp-json\/wp\/v2\/media\/5918"}],"wp:attachment":[{"href":"https:\/\/www.comact.com\/fr\/wp-json\/wp\/v2\/media?parent=5070"}],"wp:term":[{"taxonomy":"process","embeddable":true,"href":"https:\/\/www.comact.com\/fr\/wp-json\/wp\/v2\/process?post=5070"},{"taxonomy":"species","embeddable":true,"href":"https:\/\/www.comact.com\/fr\/wp-json\/wp\/v2\/species?post=5070"},{"taxonomy":"digital_technologie","embeddable":true,"href":"https:\/\/www.comact.com\/fr\/wp-json\/wp\/v2\/digital_technologie?post=5070"},{"taxonomy":"cutting_tool","embeddable":true,"href":"https:\/\/www.comact.com\/fr\/wp-json\/wp\/v2\/cutting_tool?post=5070"}],"curies":[{"name":"wp","href":"https:\/\/api.w.org\/{rel}","templated":true}]}}